{"id":2448,"date":"2023-06-02T09:31:05","date_gmt":"2023-06-02T09:31:05","guid":{"rendered":"https:\/\/gpyikim.com\/?page_id=2448"},"modified":"2023-06-02T09:33:21","modified_gmt":"2023-06-02T09:33:21","slug":"yikim-muteahhitligi","status":"publish","type":"page","link":"https:\/\/gpyikim.com\/?page_id=2448","title":{"rendered":"Y\u0131k\u0131m M\u00fcteahhitli\u011fi"},"content":{"rendered":"\t\t<div data-elementor-type=\"wp-page\" data-elementor-id=\"2448\" class=\"elementor elementor-2448\">\n\t\t\t\t\t\t<section class=\"elementor-section elementor-top-section elementor-element elementor-element-1be83afd elementor-section-boxed elementor-section-height-default elementor-section-height-default\" data-id=\"1be83afd\" data-element_type=\"section\" data-e-type=\"section\">\n\t\t\t\t\t\t<div class=\"elementor-container elementor-column-gap-default\">\n\t\t\t\t\t<div class=\"elementor-column elementor-col-100 elementor-top-column elementor-element elementor-element-395122df\" data-id=\"395122df\" data-element_type=\"column\" data-e-type=\"column\">\n\t\t\t<div class=\"elementor-widget-wrap elementor-element-populated\">\n\t\t\t\t\t\t<div class=\"elementor-element elementor-element-c8640d1 elementor-widget elementor-widget-text-editor\" data-id=\"c8640d1\" data-element_type=\"widget\" data-e-type=\"widget\" data-widget_type=\"text-editor.default\">\n\t\t\t\t<div class=\"elementor-widget-container\">\n\t\t\t\t\t\t\t\t\t\n<p>\u00c7evre, \u015eehircilik ve \u0130klim De\u011fi\u015fikli\u011fi Bakanl\u0131\u011f\u0131 taraf\u0131ndan 13 Ekim 2021 tarihli ve 31627 say\u0131l\u0131 Resmi Gazete\u2019de yay\u0131mlanan, y\u0131k\u0131m m\u00fcteahhitli\u011fi ile ilgili detaylar\u0131 i\u00e7eren &#8220;Binalar\u0131n Y\u0131k\u0131lmas\u0131 Hakk\u0131ndaki Y\u00f6netmelik&#8221; 1 Temmuz 2022 tarihi itibariyle y\u00fcr\u00fcrl\u00fc\u011fe girdi.<\/p>\n\n\n\n<blockquote class=\"wp-block-quote is-layout-flow wp-block-quote-is-layout-flow\">\n<p>Y\u00fcr\u00fcrl\u00fc\u011fe giren bu y\u00f6netmelikle beraber yap\u0131 ruhsat\u0131na tabi olan t\u00fcm binalar ve istinat duvarlar\u0131n\u0131n y\u0131k\u0131mlar\u0131&nbsp;y\u0131k\u0131m m\u00fcteahhitleri&nbsp;taraf\u0131ndan ger\u00e7ekle\u015ftirilecektir.<\/p>\n<\/blockquote>\n\n\n\n<p>Y\u0131k\u0131m ruhsat\u0131 kapsam\u0131nda baz\u0131 istisnalar bulunmaktad\u0131r. A\u015fa\u011f\u0131daki Kanun &amp; Y\u00f6netmeliklere tabi yap\u0131lar\u0131n y\u0131k\u0131m\u0131nda y\u0131k\u0131m m\u00fcteahhitli\u011fi yetki belgesi aranmaz.<\/p>\n\n\n\n<ul class=\"wp-block-list\">\n<li>7269 say\u0131l\u0131 Afet Kanununa tabi y\u0131k\u0131mlar,<\/li>\n\n\n\n<li>6306 say\u0131l\u0131 D\u00f6n\u00fc\u015f\u00fcm Kanununa tabi re\u2019sen y\u0131k\u0131mlar,<\/li>\n\n\n\n<li>3194 say\u0131l\u0131 \u0130mar Kanununa tabi k\u0131smi y\u0131k\u0131mlar ve sadece \u0130darelerce yap\u0131lan ka\u00e7ak bina y\u0131k\u0131mlar\u0131,<\/li>\n\n\n\n<li>2863 say\u0131l\u0131 Kanuna tabi tescilli yap\u0131lar\u0131n y\u0131k\u0131mlar\u0131nda yetki belgesi aranmaz.<\/li>\n<\/ul>\n\n\n\n<h3 class=\"wp-block-heading\">Y\u0131k\u0131m M\u00fcteahhitli\u011fi nedir?<\/h3>\n\n\n\n<p>\u00c7evre, \u015eehircilik ve \u0130klim De\u011fi\u015fikli\u011fi Bakanl\u0131\u011f\u0131ndan yetki belgesi alm\u0131\u015f, yap\u0131 ruhsat\u0131na tabi olan bina ve istinat duvarlar\u0131 y\u0131kmaya yetkili olan kurulu\u015flard\u0131r.<\/p>\n\n\n\n<h3 class=\"wp-block-heading\">Y1, Y2, Y3 Y\u0131k\u0131m M\u00fcteahhitli\u011fi Yetki Gruplar\u0131 Nedir?&nbsp;<\/h3>\n\n\n\n<p>Y\u0131k\u0131m m\u00fcteahhitli\u011fini s\u0131n\u0131flar\u0131d\u0131r. Yetki s\u0131n\u0131flar\u0131na g\u00f6re farkl\u0131 y\u00fcksekliklerdeki ve \u00f6zelliklerdeki binalar\u0131 y\u0131kma yetkisi verilmektedir. Ayr\u0131ca yetki belgeleri s\u0131n\u0131flar\u0131na g\u00f6re ba\u015fvuru \u00fccretleri ve teminat bedelleri farkl\u0131l\u0131k g\u00f6stermektedir.<\/p>\n\n\n\n<blockquote class=\"wp-block-quote is-layout-flow wp-block-quote-is-layout-flow\">\n<p>Peki, gelelim&nbsp;y\u0131k\u0131m m\u00fcteahhidi nas\u0131l olunur?,&nbsp;Y\u0131k\u0131m m\u00fcteahhitli\u011fi yetki belgesi nas\u0131l al\u0131n\u0131r? Y\u0131k\u0131m M\u00fcteahhitli\u011fi Yetki Belgesi Maliyeti&nbsp;sorular\u0131n\u0131n cevaplar\u0131na.<\/p>\n\n\n\n<p>\u00d6ncelikle y\u0131k\u0131m m\u00fcteahhitli\u011fi yetki gruplar\u0131na g\u00f6re al\u0131nmaktad\u0131r. Tek, tek, hangi yetki grubunda istenilen belgeler nelerdir, yetki gruplar\u0131n\u0131n k\u0131s\u0131tlamalar\u0131 nelerdir inceleyelim.<\/p>\n<\/blockquote>\n\n\n\n<h3 class=\"wp-block-heading\">Y1 Y\u0131k\u0131m M\u00fcteahhitli\u011fi Yetki Grubu \u00d6zellikleri ve Ba\u015fvuru \u00dccretleri<\/h3>\n\n\n\n<p>En kapsaml\u0131 y\u0131k\u0131m m\u00fcteahhitli\u011fi yetki grubu olan Y1 Y\u0131k\u0131m M\u00fcteahhitli\u011fini alabilmek i\u00e7in gerekli olan i\u015f deneyim miktar\u0131; Son 5 y\u0131l i\u00e7erisinde en az bir adeti yap\u0131 y\u00fcksekli\u011fi 30,50 m\u2019yi (dahil) ge\u00e7en bina y\u0131k\u0131m\u0131 olmak \u00fczere, 150.000 m2 yap\u0131 in\u015faat alan\u0131n\u0131 ge\u00e7en y\u0131k\u0131m ger\u00e7ekle\u015ftirmi\u015f olmal\u0131d\u0131r.<\/p>\n\n\n\n<p>Ayr\u0131ca banka teminat mektubu en az 2.453.850 TL olmal\u0131d\u0131r. Y1 Y\u0131k\u0131m m\u00fcteahhitli\u011fi ba\u015fvuru bedeli ise 17.650 TL\u2019dir. (2022 y\u0131l\u0131 bedeli)<\/p>\n\n\n\n<p>Y1 Y\u0131k\u0131m m\u00fcteahhitli\u011fi kapsam\u0131, personel istihdam\u0131 ve minimum ekipman gereksinimi ise a\u015fa\u011f\u0131daki gibidir:<\/p>\n\n\n\n<ul class=\"wp-block-list\">\n<li>Patlay\u0131c\u0131 kullan\u0131larak veya kullan\u0131lmadan her t\u00fcrl\u00fc binan\u0131n, y\u0131k\u0131m i\u015flerini \u00fcstlenebilirler.<\/li>\n\n\n\n<li>Ekipman olarak; en az 1 adeti asgari 20 metre \u00e7al\u0131\u015fma y\u00fcksekli\u011fine sahip uzun eri\u015fimli olmak \u00fczere, 2 adet 260 HP g\u00fcc\u00fcnde paletli ekskavat\u00f6r, 2 adet 120 HP g\u00fcc\u00fcnde ekskavat\u00f6r, 1 adet 40 HP g\u00fcc\u00fcnde mini ekskavat\u00f6r, 1 adet 110 HP y\u00fckleyici, 1 adet 5 ton su sand\u0131kl\u0131 araz\u00f6z, 1 adet pulverize su ile toz bast\u0131rma sistemi (ta\u015f\u0131nabilir) bulunmas\u0131 gereklidir.<\/li>\n\n\n\n<li>Teknik personel i\u015f g\u00fcc\u00fc olarak; bir in\u015faat m\u00fchendisi istihdam edilmelidir.<\/li>\n<\/ul>\n\n\n\n<h3 class=\"wp-block-heading\"><strong>Y2 Y\u0131k\u0131m M\u00fcteahhitli\u011fi Yetki Grubu \u00d6zellikleri ve Ba\u015fvuru \u00dccretleri<\/strong><\/h3>\n\n\n\n<p>Y2 Y\u0131k\u0131m M\u00fcteahhitli\u011fi yetki belgesini alabilmek i\u00e7in gerekli olan i\u015f deneyim miktar\u0131; son 5 y\u0131l i\u00e7erisinde en az birisi yap\u0131 y\u00fcksekli\u011fi 17,50 m\u2019yi (d\u00e2hil) ge\u00e7en bina y\u0131k\u0131m\u0131 olmak \u00fczere, 50.000 m2 yap\u0131 in\u015faat alan\u0131n\u0131 ge\u00e7mesi gereklidir.<\/p>\n\n\n\n<p>Ayr\u0131ca banka teminat mektubu en az 1.226.925,00 TL olmal\u0131d\u0131r. Y1 Y\u0131k\u0131m m\u00fcteahhitli\u011fi ba\u015fvuru bedeli ise 13.150 TL\u2019dir. (2022 y\u0131l\u0131 bedeli)<\/p>\n\n\n\n<p>Y2 Y\u0131k\u0131m m\u00fcteahhitli\u011fi kapsam\u0131, personel istihdam\u0131 ve minimum ekipman gereksinimi ise a\u015fa\u011f\u0131daki gibidir:<\/p>\n\n\n\n<blockquote class=\"wp-block-quote is-layout-flow wp-block-quote-is-layout-flow\">\n<ul class=\"wp-block-list\">\n<li>Y2 Y\u0131k\u0131m m\u00fcteahhitleri bina y\u00fcksekli\u011fi 51,50 m\u2019yi ge\u00e7meyen binalar\u0131n y\u0131k\u0131m i\u015fini yapabilir.<\/li>\n\n\n\n<li>Y\u0131k\u0131mlarda patlay\u0131c\u0131 kullanamaz.<\/li>\n\n\n\n<li>Ekipman olarak; asgari 16 metre \u00e7al\u0131\u015fma y\u00fcksekli\u011fine sahip uzun eri\u015fimli olmak \u00fczere, 1 adet 260 HP g\u00fcc\u00fcnde paletli ekskavat\u00f6r, 1 adet 120 HP g\u00fcc\u00fcnde ekskavat\u00f6r, 1 adet 40 HP g\u00fcc\u00fcnde mini ekskavat\u00f6r, 1 adet 110 HP y\u00fckleyici, 1 adet 5 ton su sand\u0131kl\u0131 araz\u00f6z, 1 adet pulverize su ile toz bast\u0131rma sistemi (ta\u015f\u0131nabilir) bulunmas\u0131 gereklidir.<\/li>\n\n\n\n<li>Teknik personel i\u015f g\u00fcc\u00fc olarak; bir in\u015faat m\u00fchendisi istihdam edilmesi gereklidir.<\/li>\n<\/ul>\n<\/blockquote>\n\n\n\n<h3 class=\"wp-block-heading\">Y3 Y\u0131k\u0131m M\u00fcteahhitli\u011fi Yetki Grubu \u00d6zellikleri ve Ba\u015fvuru \u00dccretleri<\/h3>\n\n\n\n<p>En alt s\u0131n\u0131f y\u0131k\u0131m m\u00fcteahhitlik yetki grubudur. Herhangi bir i\u015f deneyim belgesi Y3 Y\u0131k\u0131m M\u00fcteahhitli\u011fi Yetki belgesi i\u00e7in i\u015f deneyimi gerekmez.<\/p>\n\n\n\n<p>Banka teminat mektubu en az 490.770,00 TL olmal\u0131d\u0131r. Y1 Y\u0131k\u0131m m\u00fcteahhitli\u011fi ba\u015fvuru bedeli ise 9.950 TL\u2019dir. (2022 y\u0131l\u0131 bedeli)<\/p>\n\n\n\n<p>Y3 Y\u0131k\u0131m m\u00fcteahhitli\u011fi kapsam\u0131, personel istihdam\u0131 ve minimum ekipman gereksinimi ise a\u015fa\u011f\u0131daki gibidir:<\/p>\n\n\n\n<ul class=\"wp-block-list\">\n<li>*Bina y\u00fcksekli\u011fi 13,50 m ve *yap\u0131 y\u00fcksekli\u011fi 17,50 m\u2019yi ge\u00e7meyen binalar\u0131n y\u0131k\u0131m i\u015fini yapabilir.<\/li>\n\n\n\n<li>Y3 y\u0131k\u0131m m\u00fcteahhitleri y\u0131k\u0131mlarda patlay\u0131c\u0131 kullanamaz.<\/li>\n\n\n\n<li>Asgari ekipman olarak; 1 adet 120 HP ekskavat\u00f6r, 1 adet pulverize su ile toz bast\u0131rma sistemi (ta\u015f\u0131nabilir) bulunmas\u0131.<\/li>\n\n\n\n<li>\u0130n\u015faat m\u00fchendisi istihdam\u0131na gerek bulunmamaktad\u0131r.<\/li>\n<\/ul>\n\n\n\n<figure class=\"wp-block-image\" id=\"attachment_68586\"><img decoding=\"async\" src=\"https:\/\/www.sanalsantiye.com\/wp-content\/uploads\/2022\/07\/bina-ve-yapi-yuksekligi.png\" alt=\"Y\u0131k\u0131m M\u00fcteahhitli\u011fi Nedir? Nas\u0131l Olunur? Y1, Y2, Y3 Yetki Gruplar\u0131\" title=\"Y\u0131k\u0131m M\u00fcteahhitli\u011fi Nedir? Nas\u0131l Olunur? Y1, Y2, Y3 Yetki Gruplar\u0131\"\/><\/figure>\n\n\n\n<h3 class=\"wp-block-heading\"><strong>Y1, Y2 ve Y3 Y\u0131k\u0131m M\u00fcteahhitli\u011fi Yetki Gruplar\u0131 ile \u0130lgili Dikkat Edilmesi Gerekenler<\/strong><\/h3>\n\n\n\n<ul class=\"wp-block-list\">\n<li>Yetki belgesi ge\u00e7erlilik s\u00fcresince yeterli\u011fe esas ekipman bulundurulmas\u0131 ve personel istihdam\u0131&nbsp;<strong>zorunludur<\/strong>.<\/li>\n<\/ul>\n\n\n\n<p>\u0130\u015f deneyimleri ile ilgili belgeler;<\/p>\n\n\n\n<ul class=\"wp-block-list\">\n<li>EKAP \u00fczerinden al\u0131nabilir,<\/li>\n\n\n\n<li>Y\u0131k\u0131m\u0131 ger\u00e7ekle\u015ftirilen i\u015fin&nbsp;<strong>toplam yap\u0131 in\u015faat alan\u0131, y\u0131k\u0131m tarihi, i\u015fi \u00fcstlenen ger\u00e7ek veya t\u00fczel ki\u015finin bilgilerini<\/strong>&nbsp;i\u00e7eren ilgili idaresinden al\u0131nacak resmi yaz\u0131 ile deneyim belgelendirilebilir,<\/li>\n\n\n\n<li>\u0130\u015fin m\u00fcteahhidi ya da yap\u0131 sahibi ile yap\u0131lm\u0131\u015f s\u00f6zle\u015fme, Yanan ve Y\u0131k\u0131lan Yap\u0131lar Formu ve s\u00f6zle\u015fmeye ili\u015fkin fatura \u00f6rnekleri veya bu \u00f6rneklerin noter, yeminli mali m\u00fc\u015favir, serbest muhasebeci mali m\u00fc\u015favir veya vergi dairesi onayl\u0131 suretleri ile tevsik edilebilir.<\/li>\n\n\n\n<li>Makine ve ekipmanlar kiralama yoluna gidilebilir.<\/li>\n\n\n\n<li>Makine ve te\u00e7hizat yeterli\u011finin sa\u011fland\u0131\u011f\u0131na dair i\u015f makinas\u0131 tescil belgeleri veya demirba\u015f veya amortisman defterinde kay\u0131tl\u0131 oldu\u011funa dair noter tespit tutana\u011f\u0131 ya da yeminli mali m\u00fc\u015favir, serbest muhasebeci mali m\u00fc\u015favir raporu veyahut noter onayl\u0131 kiralama s\u00f6zle\u015fmesi ya da finansal kiralama s\u00f6zle\u015fmesi bulunmal\u0131d\u0131r.<\/li>\n<\/ul>\n\t\t\t\t\t\t\t\t<\/div>\n\t\t\t\t<\/div>\n\t\t\t\t\t<\/div>\n\t\t<\/div>\n\t\t\t\t\t<\/div>\n\t\t<\/section>\n\t\t\t\t<\/div>\n\t\t","protected":false},"excerpt":{"rendered":"<p>\u00c7evre, \u015eehircilik ve \u0130klim De\u011fi\u015fikli\u011fi Bakanl\u0131\u011f\u0131 taraf\u0131ndan 13 Ekim 2021 tarihli ve 31627 say\u0131l\u0131 Resmi Gazete\u2019de yay\u0131mlanan, y\u0131k\u0131m m\u00fcteahhitli\u011fi ile ilgili detaylar\u0131 i\u00e7eren &#8220;Binalar\u0131n Y\u0131k\u0131lmas\u0131 Hakk\u0131ndaki Y\u00f6netmelik&#8221; 1 Temmuz 2022 tarihi itibariyle y\u00fcr\u00fcrl\u00fc\u011fe girdi. Y\u00fcr\u00fcrl\u00fc\u011fe giren bu y\u00f6netmelikle beraber yap\u0131 ruhsat\u0131na tabi olan t\u00fcm binalar ve istinat<\/p>\n","protected":false},"author":1,"featured_media":0,"parent":0,"menu_order":0,"comment_status":"closed","ping_status":"closed","template":"","meta":{"_monsterinsights_skip_tracking":false,"_monsterinsights_sitenote_active":false,"_monsterinsights_sitenote_note":"","_monsterinsights_sitenote_category":0,"footnotes":""},"class_list":["post-2448","page","type-page","status-publish","hentry"],"aioseo_notices":[],"_links":{"self":[{"href":"https:\/\/gpyikim.com\/index.php?rest_route=\/wp\/v2\/pages\/2448","targetHints":{"allow":["GET"]}}],"collection":[{"href":"https:\/\/gpyikim.com\/index.php?rest_route=\/wp\/v2\/pages"}],"about":[{"href":"https:\/\/gpyikim.com\/index.php?rest_route=\/wp\/v2\/types\/page"}],"author":[{"embeddable":true,"href":"https:\/\/gpyikim.com\/index.php?rest_route=\/wp\/v2\/users\/1"}],"replies":[{"embeddable":true,"href":"https:\/\/gpyikim.com\/index.php?rest_route=%2Fwp%2Fv2%2Fcomments&post=2448"}],"version-history":[{"count":6,"href":"https:\/\/gpyikim.com\/index.php?rest_route=\/wp\/v2\/pages\/2448\/revisions"}],"predecessor-version":[{"id":2455,"href":"https:\/\/gpyikim.com\/index.php?rest_route=\/wp\/v2\/pages\/2448\/revisions\/2455"}],"wp:attachment":[{"href":"https:\/\/gpyikim.com\/index.php?rest_route=%2Fwp%2Fv2%2Fmedia&parent=2448"}],"curies":[{"name":"wp","href":"https:\/\/api.w.org\/{rel}","templated":true}]}}